{"id":4622,"date":"2024-08-06T16:33:40","date_gmt":"2024-08-06T14:33:40","guid":{"rendered":"https:\/\/www.inff.eu\/imprint\/"},"modified":"2024-09-17T13:25:43","modified_gmt":"2024-09-17T11:25:43","slug":"imprint","status":"publish","type":"page","link":"https:\/\/www.inff.eu\/de\/imprint\/","title":{"rendered":"Impressum"},"content":{"rendered":"\t\t<div data-elementor-type=\"wp-page\" data-elementor-id=\"4622\" class=\"elementor elementor-4622 elementor-108\" data-elementor-post-type=\"page\">\n\t\t\t\t<div class=\"elementor-element elementor-element-667a525 e-flex e-con-boxed e-con e-parent\" data-id=\"667a525\" data-element_type=\"container\" data-settings=\"{&quot;jet_parallax_layout_list&quot;:[]}\">\n\t\t\t\t\t<div class=\"e-con-inner\">\n\t\t\t\t<div class=\"elementor-element elementor-element-5b34837 elementor-widget elementor-widget-heading\" data-id=\"5b34837\" data-element_type=\"widget\" data-widget_type=\"heading.default\">\n\t\t\t\t<div class=\"elementor-widget-container\">\n\t\t\t\t\t<h1 class=\"elementor-heading-title elementor-size-default\">Impressum<\/h1>\t\t\t\t<\/div>\n\t\t\t\t<\/div>\n\t\t\t\t<div class=\"elementor-element elementor-element-4c4c7ce elementor-widget elementor-widget-text-editor\" data-id=\"4c4c7ce\" data-element_type=\"widget\" data-widget_type=\"text-editor.default\">\n\t\t\t\t<div class=\"elementor-widget-container\">\n\t\t\t\t\t\t\t\t\t<p><strong>Medieninhaber und Herausgeber:<\/strong><br \/>Verein Nature Festival<br \/>H\u00f6ttinger Gasse 23i<br \/>A-6020 Innsbruck<br \/><a href=\"mailto:hello@inff.eu\" target=\"_blank\" rel=\"noopener\">hello@inff.eu<\/a><br \/>+43 660 2740898<br \/>ZVR 1083925235<br \/>ATU74719628<\/p>\n<p>Grafik, Web Programmierung<br \/>in the headroom<br \/><a href=\"https:\/\/www.intheheadroom.com\" target=\"_blank\" rel=\"noopener\">https:\/\/www.intheheadroom.com<\/a><\/p>\n<p><strong>Nutzungsbestimmungen<\/strong><br \/>Die auf dieser Website zur Verf\u00fcgung gestellten Informationen und Daten unterliegen den Bestimmungen \u00fcber die Haftung, die Rechte am geistigen Eigentum, den Schutz personenbezogener Daten sowie den Schlussbestimmungen.<\/p>\n<p><strong>1. Liability disclaimer<\/strong><br \/>The website <a href=\"https:\/\/www.inff.eu\/de\/\" target=\"_blank\" rel=\"noopener\">inff.eu<\/a> serves to provide users with information about the INNSBRUCK NATURE FILM FESTIVAL. The Verein Nature Festival hereby points out to users of the website inff.eu that they use the information and offers at their own risk. The Verein Nature Festival has carefully compiled and prepared the information and data, but does not accept any liability for the data being accurate, up to date, complete and available. Moreover, liability of the organizer for all damages is excluded, including tangible or intangible damages, as well as damages that might have been caused by the use or non-use of the information provided. We expressly indicate that the information provided does not represent a comprehensive consulting of users. All offers are subject to change and non-binding. The Verein Nature Festival expressly reserves the right to modify or delete parts of the website without prior announcement. We will try our best to avoid technical errors. If such errors still occur, we accept no liability. Neither does The Verein Nature Festival accept responsibility for problems that appear during visits to this website.         <\/p>\n<p><strong>2. Geistige Eigentumsrechte<\/strong><br \/>Any liability for content referred to through links is excluded. Since the organizer has no influence on the content of linked sites, the organizer expressly dissociates itself from the content of website linked to from inff.eu. All inff.eu content, the layout, audio and video sequences, etc. are protect by intellectual property and other rights. All of these rights are reserved for the Verein Nature Festival as the organizer. Changes to this website are not permitted. Linking to the content of this website is allowed for anybody and requires no special permit, unless the link entails misleading information or a disparagement of the Verein Nature Festival as organizer and the information and services offered here.     <\/p>\n<p><strong>3. Protection of personal data<\/strong><br \/>The organizer respects the privacy of the users and will process personal data according to the regulations of the Privacy Act 2000 and the Privacy Act of the Government of Tirol. If you send us a mail, your personal data will be processed only to the degree that is necessary for an answer and for the event. Personal data will not be made available to third parties.  <\/p>\n<p><strong>4. Schlussbestimmungen<\/strong><br \/>Mit dem Zugriff auf unsere Internetseiten und \/ oder der Nutzung unserer Angebote erkl\u00e4ren sich die Nutzer:innen mit den hier festgelegten Nutzungsbedingungen einverstanden. Diese Nutzungsbedingungen unterliegen dem \u00f6sterreichischen Recht. Ausschlie\u00dflicher Gerichtsstand ist das sachlich zust\u00e4ndige Gericht in Innsbruck, \u00d6sterreich. Sollte eine Bestimmung dieser Nutzungsbedingungen unwirksam sein oder eine L\u00fccke aufweisen, so ber\u00fchrt dies die Wirksamkeit der \u00fcbrigen Bestimmungen nicht. Die rechtlichen Bestimmungen sind in deutscher und englischer Sprache abgefasst. Bei Unterschieden zwischen der deutschen und der englischen Fassung hat die deutsche Fassung Vorrang.     <\/p>\n<p>\u00a9 Verein Nature Festival, Innsbruck\/Austria, 2024. Alle Rechte vorbehalten. <\/p>\n\t\t\t\t\t\t\t\t<\/div>\n\t\t\t\t<\/div>\n\t\t\t\t\t<\/div>\n\t\t\t\t<\/div>\n\t\t\t\t<\/div>\n\t\t","protected":false},"excerpt":{"rendered":"<p>Impressum Medieninhaber und Herausgeber:Verein Nature FestivalH\u00f6ttinger Gasse 23iA-6020 Innsbruckhello@inff.eu+43 660 2740898ZVR 1083925235ATU74719628 Grafik, Web Programmierungin the headroomhttps:\/\/www.intheheadroom.com NutzungsbestimmungenDie auf dieser Website zur Verf\u00fcgung gestellten Informationen und Daten unterliegen den Bestimmungen \u00fcber die Haftung, die Rechte am geistigen Eigentum, den Schutz personenbezogener Daten sowie den Schlussbestimmungen. 1. Liability disclaimerThe website inff.eu serves to provide users with [&hellip;]<\/p>\n","protected":false},"author":1,"featured_media":0,"parent":0,"menu_order":0,"comment_status":"closed","ping_status":"closed","template":"","meta":{"inline_featured_image":false,"footnotes":""},"class_list":["post-4622","page","type-page","status-publish","hentry","page_template-simple"],"yoast_head":"<!-- This site is optimized with the Yoast SEO plugin v27.4 - https:\/\/yoast.com\/product\/yoast-seo-wordpress\/ -->\n<title>Impressum - INFF<\/title>\n<meta name=\"robots\" content=\"index, follow, max-snippet:-1, max-image-preview:large, max-video-preview:-1\" \/>\n<link rel=\"canonical\" href=\"https:\/\/www.inff.eu\/de\/imprint\/\" \/>\n<meta property=\"og:locale\" content=\"de_DE\" \/>\n<meta property=\"og:type\" content=\"article\" \/>\n<meta property=\"og:title\" content=\"Impressum - INFF\" \/>\n<meta property=\"og:description\" content=\"Impressum Medieninhaber und Herausgeber:Verein Nature FestivalH\u00f6ttinger Gasse 23iA-6020 Innsbruckhello@inff.eu+43 660 2740898ZVR 1083925235ATU74719628 Grafik, Web Programmierungin the headroomhttps:\/\/www.intheheadroom.com NutzungsbestimmungenDie auf dieser Website zur Verf\u00fcgung gestellten Informationen und Daten unterliegen den Bestimmungen \u00fcber die Haftung, die Rechte am geistigen Eigentum, den Schutz personenbezogener Daten sowie den Schlussbestimmungen. 1. Liability disclaimerThe website inff.eu serves to provide users with [&hellip;]\" \/>\n<meta property=\"og:url\" content=\"https:\/\/www.inff.eu\/de\/imprint\/\" \/>\n<meta property=\"og:site_name\" content=\"INFF\" \/>\n<meta property=\"article:publisher\" content=\"http:\/\/www.facebook.com\/inff.eu\" \/>\n<meta property=\"article:modified_time\" content=\"2024-09-17T11:25:43+00:00\" \/>\n<meta property=\"og:image\" content=\"https:\/\/www.inff.eu\/wp-content\/uploads\/2024\/09\/inff-fallback1.jpg\" \/>\n\t<meta property=\"og:image:width\" content=\"1200\" \/>\n\t<meta property=\"og:image:height\" content=\"675\" \/>\n\t<meta property=\"og:image:type\" content=\"image\/jpeg\" \/>\n<meta name=\"twitter:card\" content=\"summary_large_image\" \/>\n<meta name=\"twitter:label1\" content=\"Gesch\u00e4tzte Lesezeit\" \/>\n\t<meta name=\"twitter:data1\" content=\"3\u00a0Minuten\" \/>\n<script type=\"application\/ld+json\" class=\"yoast-schema-graph\">{\"@context\":\"https:\\\/\\\/schema.org\",\"@graph\":[{\"@type\":\"WebPage\",\"@id\":\"https:\\\/\\\/www.inff.eu\\\/de\\\/imprint\\\/\",\"url\":\"https:\\\/\\\/www.inff.eu\\\/de\\\/imprint\\\/\",\"name\":\"Impressum - INFF\",\"isPartOf\":{\"@id\":\"https:\\\/\\\/www.inff.eu\\\/de\\\/#website\"},\"datePublished\":\"2024-08-06T14:33:40+00:00\",\"dateModified\":\"2024-09-17T11:25:43+00:00\",\"breadcrumb\":{\"@id\":\"https:\\\/\\\/www.inff.eu\\\/de\\\/imprint\\\/#breadcrumb\"},\"inLanguage\":\"de\",\"potentialAction\":[{\"@type\":\"ReadAction\",\"target\":[\"https:\\\/\\\/www.inff.eu\\\/de\\\/imprint\\\/\"]}]},{\"@type\":\"BreadcrumbList\",\"@id\":\"https:\\\/\\\/www.inff.eu\\\/de\\\/imprint\\\/#breadcrumb\",\"itemListElement\":[{\"@type\":\"ListItem\",\"position\":1,\"name\":\"Startseite\",\"item\":\"https:\\\/\\\/www.inff.eu\\\/de\\\/startseite\\\/\"},{\"@type\":\"ListItem\",\"position\":2,\"name\":\"Impressum\"}]},{\"@type\":\"WebSite\",\"@id\":\"https:\\\/\\\/www.inff.eu\\\/de\\\/#website\",\"url\":\"https:\\\/\\\/www.inff.eu\\\/de\\\/\",\"name\":\"INFF\",\"description\":\"Innsbruck Nature Film Festival\",\"publisher\":{\"@id\":\"https:\\\/\\\/www.inff.eu\\\/de\\\/#organization\"},\"potentialAction\":[{\"@type\":\"SearchAction\",\"target\":{\"@type\":\"EntryPoint\",\"urlTemplate\":\"https:\\\/\\\/www.inff.eu\\\/de\\\/?s={search_term_string}\"},\"query-input\":{\"@type\":\"PropertyValueSpecification\",\"valueRequired\":true,\"valueName\":\"search_term_string\"}}],\"inLanguage\":\"de\"},{\"@type\":\"Organization\",\"@id\":\"https:\\\/\\\/www.inff.eu\\\/de\\\/#organization\",\"name\":\"Innbruck Nature Film Festival\",\"alternateName\":\"INFF\",\"url\":\"https:\\\/\\\/www.inff.eu\\\/de\\\/\",\"logo\":{\"@type\":\"ImageObject\",\"inLanguage\":\"de\",\"@id\":\"https:\\\/\\\/www.inff.eu\\\/de\\\/#\\\/schema\\\/logo\\\/image\\\/\",\"url\":\"https:\\\/\\\/www.inff.eu\\\/wp-content\\\/uploads\\\/2024\\\/08\\\/INFF_24_Logo_black_landscape_black.svg\",\"contentUrl\":\"https:\\\/\\\/www.inff.eu\\\/wp-content\\\/uploads\\\/2024\\\/08\\\/INFF_24_Logo_black_landscape_black.svg\",\"width\":341,\"height\":130,\"caption\":\"Innbruck Nature Film Festival\"},\"image\":{\"@id\":\"https:\\\/\\\/www.inff.eu\\\/de\\\/#\\\/schema\\\/logo\\\/image\\\/\"},\"sameAs\":[\"http:\\\/\\\/www.facebook.com\\\/inff.eu\",\"https:\\\/\\\/www.instagram.com\\\/innsbrucknaturefilmfestival\\\/\",\"https:\\\/\\\/www.youtube.com\\\/channel\\\/UCffnhMJo3VJ4aah54E6Qq3Q\\\/feed\"]}]}<\/script>\n<!-- \/ Yoast SEO plugin. -->","yoast_head_json":{"title":"Impressum - INFF","robots":{"index":"index","follow":"follow","max-snippet":"max-snippet:-1","max-image-preview":"max-image-preview:large","max-video-preview":"max-video-preview:-1"},"canonical":"https:\/\/www.inff.eu\/de\/imprint\/","og_locale":"de_DE","og_type":"article","og_title":"Impressum - INFF","og_description":"Impressum Medieninhaber und Herausgeber:Verein Nature FestivalH\u00f6ttinger Gasse 23iA-6020 Innsbruckhello@inff.eu+43 660 2740898ZVR 1083925235ATU74719628 Grafik, Web Programmierungin the headroomhttps:\/\/www.intheheadroom.com NutzungsbestimmungenDie auf dieser Website zur Verf\u00fcgung gestellten Informationen und Daten unterliegen den Bestimmungen \u00fcber die Haftung, die Rechte am geistigen Eigentum, den Schutz personenbezogener Daten sowie den Schlussbestimmungen. 1. Liability disclaimerThe website inff.eu serves to provide users with [&hellip;]","og_url":"https:\/\/www.inff.eu\/de\/imprint\/","og_site_name":"INFF","article_publisher":"http:\/\/www.facebook.com\/inff.eu","article_modified_time":"2024-09-17T11:25:43+00:00","og_image":[{"width":1200,"height":675,"url":"https:\/\/www.inff.eu\/wp-content\/uploads\/2024\/09\/inff-fallback1.jpg","type":"image\/jpeg"}],"twitter_card":"summary_large_image","twitter_misc":{"Gesch\u00e4tzte Lesezeit":"3\u00a0Minuten"},"schema":{"@context":"https:\/\/schema.org","@graph":[{"@type":"WebPage","@id":"https:\/\/www.inff.eu\/de\/imprint\/","url":"https:\/\/www.inff.eu\/de\/imprint\/","name":"Impressum - INFF","isPartOf":{"@id":"https:\/\/www.inff.eu\/de\/#website"},"datePublished":"2024-08-06T14:33:40+00:00","dateModified":"2024-09-17T11:25:43+00:00","breadcrumb":{"@id":"https:\/\/www.inff.eu\/de\/imprint\/#breadcrumb"},"inLanguage":"de","potentialAction":[{"@type":"ReadAction","target":["https:\/\/www.inff.eu\/de\/imprint\/"]}]},{"@type":"BreadcrumbList","@id":"https:\/\/www.inff.eu\/de\/imprint\/#breadcrumb","itemListElement":[{"@type":"ListItem","position":1,"name":"Startseite","item":"https:\/\/www.inff.eu\/de\/startseite\/"},{"@type":"ListItem","position":2,"name":"Impressum"}]},{"@type":"WebSite","@id":"https:\/\/www.inff.eu\/de\/#website","url":"https:\/\/www.inff.eu\/de\/","name":"INFF","description":"Innsbruck Nature Film Festival","publisher":{"@id":"https:\/\/www.inff.eu\/de\/#organization"},"potentialAction":[{"@type":"SearchAction","target":{"@type":"EntryPoint","urlTemplate":"https:\/\/www.inff.eu\/de\/?s={search_term_string}"},"query-input":{"@type":"PropertyValueSpecification","valueRequired":true,"valueName":"search_term_string"}}],"inLanguage":"de"},{"@type":"Organization","@id":"https:\/\/www.inff.eu\/de\/#organization","name":"Innbruck Nature Film Festival","alternateName":"INFF","url":"https:\/\/www.inff.eu\/de\/","logo":{"@type":"ImageObject","inLanguage":"de","@id":"https:\/\/www.inff.eu\/de\/#\/schema\/logo\/image\/","url":"https:\/\/www.inff.eu\/wp-content\/uploads\/2024\/08\/INFF_24_Logo_black_landscape_black.svg","contentUrl":"https:\/\/www.inff.eu\/wp-content\/uploads\/2024\/08\/INFF_24_Logo_black_landscape_black.svg","width":341,"height":130,"caption":"Innbruck Nature Film Festival"},"image":{"@id":"https:\/\/www.inff.eu\/de\/#\/schema\/logo\/image\/"},"sameAs":["http:\/\/www.facebook.com\/inff.eu","https:\/\/www.instagram.com\/innsbrucknaturefilmfestival\/","https:\/\/www.youtube.com\/channel\/UCffnhMJo3VJ4aah54E6Qq3Q\/feed"]}]}},"_links":{"self":[{"href":"https:\/\/www.inff.eu\/de\/wp-json\/wp\/v2\/pages\/4622","targetHints":{"allow":["GET"]}}],"collection":[{"href":"https:\/\/www.inff.eu\/de\/wp-json\/wp\/v2\/pages"}],"about":[{"href":"https:\/\/www.inff.eu\/de\/wp-json\/wp\/v2\/types\/page"}],"author":[{"embeddable":true,"href":"https:\/\/www.inff.eu\/de\/wp-json\/wp\/v2\/users\/1"}],"replies":[{"embeddable":true,"href":"https:\/\/www.inff.eu\/de\/wp-json\/wp\/v2\/comments?post=4622"}],"version-history":[{"count":5,"href":"https:\/\/www.inff.eu\/de\/wp-json\/wp\/v2\/pages\/4622\/revisions"}],"predecessor-version":[{"id":5539,"href":"https:\/\/www.inff.eu\/de\/wp-json\/wp\/v2\/pages\/4622\/revisions\/5539"}],"wp:attachment":[{"href":"https:\/\/www.inff.eu\/de\/wp-json\/wp\/v2\/media?parent=4622"}],"curies":[{"name":"wp","href":"https:\/\/api.w.org\/{rel}","templated":true}]}}