{"id":4606,"date":"2024-08-06T16:24:18","date_gmt":"2024-08-06T14:24:18","guid":{"rendered":"https:\/\/www.inff.eu\/about\/press\/"},"modified":"2025-12-09T15:08:42","modified_gmt":"2025-12-09T14:08:42","slug":"press","status":"publish","type":"page","link":"https:\/\/www.inff.eu\/de\/about\/press\/","title":{"rendered":"Presse"},"content":{"rendered":"\t\t<div data-elementor-type=\"wp-page\" data-elementor-id=\"4606\" class=\"elementor elementor-4606 elementor-82\" data-elementor-post-type=\"page\">\n\t\t\t\t<section class=\"elementor-element elementor-element-9ce9f80 e-flex e-con-boxed e-con e-parent\" data-id=\"9ce9f80\" data-element_type=\"container\" data-settings=\"{&quot;jet_parallax_layout_list&quot;:[]}\">\n\t\t\t\t\t<div class=\"e-con-inner\">\n\t\t\t\t<div class=\"elementor-element elementor-element-e3a1a19 elementor-widget elementor-widget-text-editor\" data-id=\"e3a1a19\" data-element_type=\"widget\" data-widget_type=\"text-editor.default\">\n\t\t\t\t<div class=\"elementor-widget-container\">\n\t\t\t\t\t\t\t\t\t<p>Ein Filmfestival ist immer ein Ort f\u00fcr Journalisten. Die neuesten Filmproduktionen aus der ganzen Welt, zahlreiche Filmemacher und Produzenten, Schauspieler und Experten an einem Ort.<br>Wir freuen uns darauf, \u00fcber das Festival und seine G\u00e4ste zu berichten.<br>Pressevertreter k\u00f6nnen sich kostenlos akkreditieren lassen. <\/p><p><a href=\"https:\/\/www.inff.eu\/wp-content\/uploads\/2025\/12\/Wildes-Innsbruck-in-Manila-inff-zu-Gast-auf-den-Philippinen-.pdf\"><span style=\"text-decoration: underline;\">Wildes Innsbruck in Manila &#8211; inff zu Gast auf den Philippinen<\/span> <\/a><\/p><p><span style=\"text-decoration: underline;\"><a href=\"https:\/\/www.inff.eu\/wp-content\/uploads\/2025\/10\/inff-2025-Vollstandige-Gewinnerliste.pdf\">inff 2025 \u2013 Gewinner<\/a><\/span><\/p><p><span style=\"text-decoration: underline;\"><a href=\"https:\/\/www.inff.eu\/wp-content\/uploads\/2025\/09\/inff-Oktober-2025-Programm-und-Filmhighlights.pdf\">24. innsbruck nature film festival \u2013 Programm- und Filmhighlights<\/a><\/span><\/p><p><span style=\"text-decoration: underline;\"><a href=\"https:\/\/www.inff.eu\/wp-content\/uploads\/2025\/05\/inff-PM-Filmset-am-BRG-in-der-Au-West.pdf\">Filmset am BRG in der Au<\/a><\/span><\/p><p><span style=\"text-decoration: underline;\"><a href=\"https:\/\/www.inff.eu\/wp-content\/uploads\/2025\/05\/inff-PM-Food-on-Film_Dreharbeiten_Mai25.pdf\">Film-Workshop f\u00fcr Gewinnerklasse von Food on Film<\/a><\/span><\/p><p><span style=\"text-decoration: underline;\"><a href=\"https:\/\/www.inff.eu\/wp-content\/uploads\/2025\/04\/Anouncement-innsbruck-nature-film-festival-October-2025.pdf\">Announcement INFF October 2025 ENG<\/a><\/span><\/p><p><span style=\"text-decoration: underline;\"><a href=\"https:\/\/www.inff.eu\/wp-content\/uploads\/2025\/04\/Ankundigung-innsbruck-nature-film-festival-Oktober-2025.pdf\">Ank\u00fcndigung INFF Oktober 2025<\/a> DE<\/span><\/p><p><span style=\"text-decoration: underline;\"><a href=\"https:\/\/www.inff.eu\/wp-content\/uploads\/2024\/10\/Pressemitteilung_Preise_2024_Website.pdf\" target=\"_blank\" rel=\"noopener\">Gewinner 2024 Pressemitteilung<\/a><\/span><\/p><p><span style=\"text-decoration: underline;\"><a href=\"https:\/\/www.inff.eu\/wp-content\/uploads\/2024\/10\/Gewinner-innsbruck-nature-film-festival-2024_de.pdf\" target=\"_blank\" rel=\"noopener\">Detailierte Gewinnerliste 2024<\/a><\/span><\/p><p><span style=\"text-decoration: underline;\"><a href=\"https:\/\/www.inff.eu\/wp-content\/uploads\/2024\/08\/inff_Press-Release_Aug24.pdf\" target=\"_blank\" rel=\"noopener\">Presseinformation:<\/a><\/span><\/p><p><span style=\"text-decoration: underline;\"><a href=\"https:\/\/www.inff.eu\/wp-content\/uploads\/2024\/09\/inff-2024-Press-Realease-ENG.pdf\">Press information in english<\/a><\/span><\/p><p><span style=\"text-decoration: underline;\"><a href=\"https:\/\/www.inff.eu\/wp-content\/uploads\/2024\/08\/inff_Filmhighlights-2024.pdf\" target=\"_blank\" rel=\"noopener\">Film highlights Information<\/a><\/span><\/p><p>Wenn Sie weitere Informationen oder Fotos w\u00fcnschen, bitte kontaktieren sie uns unter: <a href=\"mailto:hello@inff.eu\" target=\"_blank\" rel=\"noopener\">hello@inff.eu<\/a><\/p>\t\t\t\t\t\t\t\t<\/div>\n\t\t\t\t<\/div>\n\t\t\t\t<div class=\"elementor-element elementor-element-7a96a1a elementor-widget elementor-widget-button\" data-id=\"7a96a1a\" data-element_type=\"widget\" data-widget_type=\"button.default\">\n\t\t\t\t<div class=\"elementor-widget-container\">\n\t\t\t\t\t\t\t\t\t<div class=\"elementor-button-wrapper\">\n\t\t\t\t\t<a class=\"elementor-button elementor-button-link elementor-size-sm\" href=\"https:\/\/www.inff.eu\/de\/b2b\/press-accreditation\/\">\n\t\t\t\t\t\t<span class=\"elementor-button-content-wrapper\">\n\t\t\t\t\t\t\t\t\t<span class=\"elementor-button-text\">Presse Akkreditierung<\/span>\n\t\t\t\t\t<\/span>\n\t\t\t\t\t<\/a>\n\t\t\t\t<\/div>\n\t\t\t\t\t\t\t\t<\/div>\n\t\t\t\t<\/div>\n\t\t\t\t\t<\/div>\n\t\t\t\t<\/section>\n\t\t\t\t<\/div>\n\t\t","protected":false},"excerpt":{"rendered":"<p>Ein Filmfestival ist immer ein Ort f\u00fcr Journalisten. Die neuesten Filmproduktionen aus der ganzen Welt, zahlreiche Filmemacher und Produzenten, Schauspieler und Experten an einem Ort.Wir freuen uns darauf, \u00fcber das Festival und seine G\u00e4ste zu berichten.Pressevertreter k\u00f6nnen sich kostenlos akkreditieren lassen. Wildes Innsbruck in Manila &#8211; inff zu Gast auf den Philippinen inff 2025 \u2013 [&hellip;]<\/p>\n","protected":false},"author":1,"featured_media":0,"parent":4573,"menu_order":4,"comment_status":"closed","ping_status":"closed","template":"","meta":{"inline_featured_image":false,"footnotes":""},"class_list":["post-4606","page","type-page","status-publish","hentry","page_template-simple"],"yoast_head":"<!-- This site is optimized with the Yoast SEO plugin v27.4 - https:\/\/yoast.com\/product\/yoast-seo-wordpress\/ -->\n<title>Presse - INFF<\/title>\n<meta name=\"robots\" content=\"index, follow, max-snippet:-1, max-image-preview:large, max-video-preview:-1\" \/>\n<link rel=\"canonical\" href=\"https:\/\/www.inff.eu\/de\/about\/press\/\" \/>\n<meta property=\"og:locale\" content=\"de_DE\" \/>\n<meta property=\"og:type\" content=\"article\" \/>\n<meta property=\"og:title\" content=\"Presse - INFF\" \/>\n<meta property=\"og:description\" content=\"Ein Filmfestival ist immer ein Ort f\u00fcr Journalisten. Die neuesten Filmproduktionen aus der ganzen Welt, zahlreiche Filmemacher und Produzenten, Schauspieler und Experten an einem Ort.Wir freuen uns darauf, \u00fcber das Festival und seine G\u00e4ste zu berichten.Pressevertreter k\u00f6nnen sich kostenlos akkreditieren lassen. Wildes Innsbruck in Manila &#8211; inff zu Gast auf den Philippinen inff 2025 \u2013 [&hellip;]\" \/>\n<meta property=\"og:url\" content=\"https:\/\/www.inff.eu\/de\/about\/press\/\" \/>\n<meta property=\"og:site_name\" content=\"INFF\" \/>\n<meta property=\"article:publisher\" content=\"http:\/\/www.facebook.com\/inff.eu\" \/>\n<meta property=\"article:modified_time\" content=\"2025-12-09T14:08:42+00:00\" \/>\n<meta property=\"og:image\" content=\"https:\/\/www.inff.eu\/wp-content\/uploads\/2024\/09\/inff-fallback1.jpg\" \/>\n\t<meta property=\"og:image:width\" content=\"1200\" \/>\n\t<meta property=\"og:image:height\" content=\"675\" \/>\n\t<meta property=\"og:image:type\" content=\"image\/jpeg\" \/>\n<meta name=\"twitter:card\" content=\"summary_large_image\" \/>\n<meta name=\"twitter:label1\" content=\"Gesch\u00e4tzte Lesezeit\" \/>\n\t<meta name=\"twitter:data1\" content=\"1\u00a0Minute\" \/>\n<script type=\"application\/ld+json\" class=\"yoast-schema-graph\">{\"@context\":\"https:\\\/\\\/schema.org\",\"@graph\":[{\"@type\":\"WebPage\",\"@id\":\"https:\\\/\\\/www.inff.eu\\\/de\\\/about\\\/press\\\/\",\"url\":\"https:\\\/\\\/www.inff.eu\\\/de\\\/about\\\/press\\\/\",\"name\":\"Presse - INFF\",\"isPartOf\":{\"@id\":\"https:\\\/\\\/www.inff.eu\\\/de\\\/#website\"},\"datePublished\":\"2024-08-06T14:24:18+00:00\",\"dateModified\":\"2025-12-09T14:08:42+00:00\",\"breadcrumb\":{\"@id\":\"https:\\\/\\\/www.inff.eu\\\/de\\\/about\\\/press\\\/#breadcrumb\"},\"inLanguage\":\"de\",\"potentialAction\":[{\"@type\":\"ReadAction\",\"target\":[\"https:\\\/\\\/www.inff.eu\\\/de\\\/about\\\/press\\\/\"]}]},{\"@type\":\"BreadcrumbList\",\"@id\":\"https:\\\/\\\/www.inff.eu\\\/de\\\/about\\\/press\\\/#breadcrumb\",\"itemListElement\":[{\"@type\":\"ListItem\",\"position\":1,\"name\":\"Startseite\",\"item\":\"https:\\\/\\\/www.inff.eu\\\/de\\\/startseite\\\/\"},{\"@type\":\"ListItem\",\"position\":2,\"name\":\"\u00dcber uns\",\"item\":\"https:\\\/\\\/www.inff.eu\\\/de\\\/about\\\/\"},{\"@type\":\"ListItem\",\"position\":3,\"name\":\"Presse\"}]},{\"@type\":\"WebSite\",\"@id\":\"https:\\\/\\\/www.inff.eu\\\/de\\\/#website\",\"url\":\"https:\\\/\\\/www.inff.eu\\\/de\\\/\",\"name\":\"INFF\",\"description\":\"Innsbruck Nature Film Festival\",\"publisher\":{\"@id\":\"https:\\\/\\\/www.inff.eu\\\/de\\\/#organization\"},\"potentialAction\":[{\"@type\":\"SearchAction\",\"target\":{\"@type\":\"EntryPoint\",\"urlTemplate\":\"https:\\\/\\\/www.inff.eu\\\/de\\\/?s={search_term_string}\"},\"query-input\":{\"@type\":\"PropertyValueSpecification\",\"valueRequired\":true,\"valueName\":\"search_term_string\"}}],\"inLanguage\":\"de\"},{\"@type\":\"Organization\",\"@id\":\"https:\\\/\\\/www.inff.eu\\\/de\\\/#organization\",\"name\":\"Innbruck Nature Film Festival\",\"alternateName\":\"INFF\",\"url\":\"https:\\\/\\\/www.inff.eu\\\/de\\\/\",\"logo\":{\"@type\":\"ImageObject\",\"inLanguage\":\"de\",\"@id\":\"https:\\\/\\\/www.inff.eu\\\/de\\\/#\\\/schema\\\/logo\\\/image\\\/\",\"url\":\"https:\\\/\\\/www.inff.eu\\\/wp-content\\\/uploads\\\/2024\\\/08\\\/INFF_24_Logo_black_landscape_black.svg\",\"contentUrl\":\"https:\\\/\\\/www.inff.eu\\\/wp-content\\\/uploads\\\/2024\\\/08\\\/INFF_24_Logo_black_landscape_black.svg\",\"width\":341,\"height\":130,\"caption\":\"Innbruck Nature Film Festival\"},\"image\":{\"@id\":\"https:\\\/\\\/www.inff.eu\\\/de\\\/#\\\/schema\\\/logo\\\/image\\\/\"},\"sameAs\":[\"http:\\\/\\\/www.facebook.com\\\/inff.eu\",\"https:\\\/\\\/www.instagram.com\\\/innsbrucknaturefilmfestival\\\/\",\"https:\\\/\\\/www.youtube.com\\\/channel\\\/UCffnhMJo3VJ4aah54E6Qq3Q\\\/feed\"]}]}<\/script>\n<!-- \/ Yoast SEO plugin. -->","yoast_head_json":{"title":"Presse - INFF","robots":{"index":"index","follow":"follow","max-snippet":"max-snippet:-1","max-image-preview":"max-image-preview:large","max-video-preview":"max-video-preview:-1"},"canonical":"https:\/\/www.inff.eu\/de\/about\/press\/","og_locale":"de_DE","og_type":"article","og_title":"Presse - INFF","og_description":"Ein Filmfestival ist immer ein Ort f\u00fcr Journalisten. Die neuesten Filmproduktionen aus der ganzen Welt, zahlreiche Filmemacher und Produzenten, Schauspieler und Experten an einem Ort.Wir freuen uns darauf, \u00fcber das Festival und seine G\u00e4ste zu berichten.Pressevertreter k\u00f6nnen sich kostenlos akkreditieren lassen. Wildes Innsbruck in Manila &#8211; inff zu Gast auf den Philippinen inff 2025 \u2013 [&hellip;]","og_url":"https:\/\/www.inff.eu\/de\/about\/press\/","og_site_name":"INFF","article_publisher":"http:\/\/www.facebook.com\/inff.eu","article_modified_time":"2025-12-09T14:08:42+00:00","og_image":[{"width":1200,"height":675,"url":"https:\/\/www.inff.eu\/wp-content\/uploads\/2024\/09\/inff-fallback1.jpg","type":"image\/jpeg"}],"twitter_card":"summary_large_image","twitter_misc":{"Gesch\u00e4tzte Lesezeit":"1\u00a0Minute"},"schema":{"@context":"https:\/\/schema.org","@graph":[{"@type":"WebPage","@id":"https:\/\/www.inff.eu\/de\/about\/press\/","url":"https:\/\/www.inff.eu\/de\/about\/press\/","name":"Presse - INFF","isPartOf":{"@id":"https:\/\/www.inff.eu\/de\/#website"},"datePublished":"2024-08-06T14:24:18+00:00","dateModified":"2025-12-09T14:08:42+00:00","breadcrumb":{"@id":"https:\/\/www.inff.eu\/de\/about\/press\/#breadcrumb"},"inLanguage":"de","potentialAction":[{"@type":"ReadAction","target":["https:\/\/www.inff.eu\/de\/about\/press\/"]}]},{"@type":"BreadcrumbList","@id":"https:\/\/www.inff.eu\/de\/about\/press\/#breadcrumb","itemListElement":[{"@type":"ListItem","position":1,"name":"Startseite","item":"https:\/\/www.inff.eu\/de\/startseite\/"},{"@type":"ListItem","position":2,"name":"\u00dcber uns","item":"https:\/\/www.inff.eu\/de\/about\/"},{"@type":"ListItem","position":3,"name":"Presse"}]},{"@type":"WebSite","@id":"https:\/\/www.inff.eu\/de\/#website","url":"https:\/\/www.inff.eu\/de\/","name":"INFF","description":"Innsbruck Nature Film Festival","publisher":{"@id":"https:\/\/www.inff.eu\/de\/#organization"},"potentialAction":[{"@type":"SearchAction","target":{"@type":"EntryPoint","urlTemplate":"https:\/\/www.inff.eu\/de\/?s={search_term_string}"},"query-input":{"@type":"PropertyValueSpecification","valueRequired":true,"valueName":"search_term_string"}}],"inLanguage":"de"},{"@type":"Organization","@id":"https:\/\/www.inff.eu\/de\/#organization","name":"Innbruck Nature Film Festival","alternateName":"INFF","url":"https:\/\/www.inff.eu\/de\/","logo":{"@type":"ImageObject","inLanguage":"de","@id":"https:\/\/www.inff.eu\/de\/#\/schema\/logo\/image\/","url":"https:\/\/www.inff.eu\/wp-content\/uploads\/2024\/08\/INFF_24_Logo_black_landscape_black.svg","contentUrl":"https:\/\/www.inff.eu\/wp-content\/uploads\/2024\/08\/INFF_24_Logo_black_landscape_black.svg","width":341,"height":130,"caption":"Innbruck Nature Film Festival"},"image":{"@id":"https:\/\/www.inff.eu\/de\/#\/schema\/logo\/image\/"},"sameAs":["http:\/\/www.facebook.com\/inff.eu","https:\/\/www.instagram.com\/innsbrucknaturefilmfestival\/","https:\/\/www.youtube.com\/channel\/UCffnhMJo3VJ4aah54E6Qq3Q\/feed"]}]}},"_links":{"self":[{"href":"https:\/\/www.inff.eu\/de\/wp-json\/wp\/v2\/pages\/4606","targetHints":{"allow":["GET"]}}],"collection":[{"href":"https:\/\/www.inff.eu\/de\/wp-json\/wp\/v2\/pages"}],"about":[{"href":"https:\/\/www.inff.eu\/de\/wp-json\/wp\/v2\/types\/page"}],"author":[{"embeddable":true,"href":"https:\/\/www.inff.eu\/de\/wp-json\/wp\/v2\/users\/1"}],"replies":[{"embeddable":true,"href":"https:\/\/www.inff.eu\/de\/wp-json\/wp\/v2\/comments?post=4606"}],"version-history":[{"count":14,"href":"https:\/\/www.inff.eu\/de\/wp-json\/wp\/v2\/pages\/4606\/revisions"}],"predecessor-version":[{"id":10009,"href":"https:\/\/www.inff.eu\/de\/wp-json\/wp\/v2\/pages\/4606\/revisions\/10009"}],"up":[{"embeddable":true,"href":"https:\/\/www.inff.eu\/de\/wp-json\/wp\/v2\/pages\/4573"}],"wp:attachment":[{"href":"https:\/\/www.inff.eu\/de\/wp-json\/wp\/v2\/media?parent=4606"}],"curies":[{"name":"wp","href":"https:\/\/api.w.org\/{rel}","templated":true}]}}