{"id":4601,"date":"2024-08-06T16:20:56","date_gmt":"2024-08-06T14:20:56","guid":{"rendered":"https:\/\/www.inff.eu\/get-active\/volunteer\/"},"modified":"2025-05-28T09:14:55","modified_gmt":"2025-05-28T07:14:55","slug":"volunteer","status":"publish","type":"page","link":"https:\/\/www.inff.eu\/de\/get-active\/volunteer\/","title":{"rendered":"Freiwillige Mitarbeit"},"content":{"rendered":"\t\t<div data-elementor-type=\"wp-page\" data-elementor-id=\"4601\" class=\"elementor elementor-4601 elementor-70\" data-elementor-post-type=\"page\">\n\t\t\t\t<div class=\"elementor-element elementor-element-c3194d1 e-flex e-con-boxed e-con e-parent\" data-id=\"c3194d1\" data-element_type=\"container\" data-settings=\"{&quot;jet_parallax_layout_list&quot;:[]}\">\n\t\t\t\t\t<div class=\"e-con-inner\">\n\t\t\t\t<div class=\"elementor-element elementor-element-543c337 elementor-widget elementor-widget-text-editor\" data-id=\"543c337\" data-element_type=\"widget\" data-widget_type=\"text-editor.default\">\n\t\t\t\t<div class=\"elementor-widget-container\">\n\t\t\t\t\t\t\t\t\t<p>Ein Festival kann nur attraktiv sein, wenn das Team gut zusammenarbeitet. Wenn Du in die Festivalatmosph\u00e4re hineinschnuppern willst und keine Angst vor internationalem Flair und Menschen aus aller Welt hast, kannst du als Volont\u00e4r:in am Festival dazu beitragen, dass es f\u00fcr alle zu einem unvergesslichen Erlebnis wird.<br>Wenn du Interesse hast, wende dich sich bitte an: <strong><span style=\"text-decoration: underline;\"><a href=\"mailto:volunteer@inff.eu\" target=\"_blank\" rel=\"noopener\">volunteer@inff.eu<\/a><\/span><\/strong> <\/p>\t\t\t\t\t\t\t\t<\/div>\n\t\t\t\t<\/div>\n\t\t\t\t\t<\/div>\n\t\t\t\t<\/div>\n\t\t<div class=\"elementor-element elementor-element-999b769 e-flex e-con-boxed e-con e-parent\" data-id=\"999b769\" data-element_type=\"container\" data-settings=\"{&quot;jet_parallax_layout_list&quot;:[]}\">\n\t\t\t\t\t<div class=\"e-con-inner\">\n\t\t\t\t<div class=\"elementor-element elementor-element-fbbd791 elementor-widget elementor-widget-image\" data-id=\"fbbd791\" data-element_type=\"widget\" data-widget_type=\"image.default\">\n\t\t\t\t<div class=\"elementor-widget-container\">\n\t\t\t\t\t\t\t\t\t\t\t\t\t\t\t<img fetchpriority=\"high\" decoding=\"async\" width=\"800\" height=\"534\" src=\"https:\/\/www.inff.eu\/wp-content\/uploads\/2024\/08\/volis-2-1024x683.jpg\" class=\"attachment-large size-large wp-image-3850\" alt=\"\" srcset=\"https:\/\/www.inff.eu\/wp-content\/uploads\/2024\/08\/volis-2-1024x683.jpg 1024w, https:\/\/www.inff.eu\/wp-content\/uploads\/2024\/08\/volis-2-300x200.jpg 300w, https:\/\/www.inff.eu\/wp-content\/uploads\/2024\/08\/volis-2-768x512.jpg 768w, https:\/\/www.inff.eu\/wp-content\/uploads\/2024\/08\/volis-2-1536x1024.jpg 1536w, https:\/\/www.inff.eu\/wp-content\/uploads\/2024\/08\/volis-2-2048x1366.jpg 2048w\" sizes=\"(max-width: 800px) 100vw, 800px\" \/>\t\t\t\t\t\t\t\t\t\t\t\t\t\t\t<\/div>\n\t\t\t\t<\/div>\n\t\t\t\t\t<\/div>\n\t\t\t\t<\/div>\n\t\t<div class=\"elementor-element elementor-element-29a6526 e-flex e-con-boxed e-con e-parent\" data-id=\"29a6526\" data-element_type=\"container\" data-settings=\"{&quot;jet_parallax_layout_list&quot;:[]}\">\n\t\t\t\t\t<div class=\"e-con-inner\">\n\t\t\t\t<div class=\"elementor-element elementor-element-6ea5cf3 elementor-widget elementor-widget-text-editor\" data-id=\"6ea5cf3\" data-element_type=\"widget\" data-widget_type=\"text-editor.default\">\n\t\t\t\t<div class=\"elementor-widget-container\">\n\t\t\t\t\t\t\t\t\t<div id=\"meta-origin\" data-coolorigin=\"https%3A%2F%2Fcollabora-office-inff.devcon.cc%2Fcool%2Fclipboard%3FWOPISrc%3Dhttps%253A%252F%252Finff.devcon.cc%252Findex.php%252Fapps%252Frichdocuments%252Fwopi%252Ffiles%252F844464_ocsp6c4s15my%26ServerId%3De995f3d0%26ViewId%3D4%26Tag%3Ddde16516b9ea06f7\"><h3 align=\"center\"><a name=\"_Hlk146695566\"><\/a><span style=\"font-family: Helvetica;\"><span style=\"font-size: x-large;\">Wir suchen Volont\u00e4r:innen f\u00fcr unser internationales Filmfestival!<\/span><\/span><\/h3><p align=\"justify\"><a name=\"_Hlk146695791\"><\/a><span style=\"font-family: Helvetica;\">Du wolltest immer schon wissen, wie ein internationales Festival so abl\u00e4uft und was hinter den Kulissen passiert? Dann bewirb dich bei uns als Volont\u00e4r:in!  <\/span><span style=\"font-family: Helvetica;\">Das innsbruck nature film festival ist das gr\u00f6\u00dfte und bekannteste Natur Film Festival in den Alpen und zieht j\u00e4hrlich \u00fcber 3500 nationale und internationale Besucher:innen ins Metropol Kino Innsbruck. Es treffen sich Natur- und Umweltinteressierte, Kunst- und Filmbegeisterte, Filmemacher und Fachg\u00e4ste aus der Branche und lassen sich an 5 Tagen von \u00fcber 65 Filmen und vielen Workshops inspirieren.  <\/span><\/p><p align=\"justify\"><span style=\"font-family: Helvetica;\">Um das Festival erfolgreich \u00fcber die B\u00fchne zu bringen, brauchen wir engagierte Freiwillige, die uns in folgenden Bereichen unterst\u00fctzen:<\/span><\/p><ul><li><pre><span style=\"font-family: Helvetica;\">Allgemeine Organisation im t\u00e4glichen Festivalbetrieb<\/span><\/pre><\/li><li><pre><span style=\"font-family: Helvetica;\">Betreuung der Festivalrezeption im Kino (inkl. B\u00fcchertisch)<\/span><\/pre><\/li><li><pre><span style=\"font-family: Helvetica;\">Betreuung und F\u00fchrung durch die Boden-Ausstellung<\/span><\/pre><\/li><li><pre><span style=\"font-family: Helvetica;\">Betreuung der internationalen Fachg\u00e4ste<\/span><\/pre><\/li><li><pre><span style=\"font-family: Helvetica;\">Technische Unterst\u00fctzung im Kino (Saalregie, Licht, Musik, etc.)<\/span><\/pre><\/li><li><pre><span style=\"font-family: Helvetica;\">Ank\u00fcndigung von Filmen und Abhaltung von Q&amp;As nach den Filmen<\/span><\/pre><\/li><li><pre><a name=\"__DdeLink__45_2790703592\"\/><span style=\"font-family: Helvetica;\">Foto- und Videoaufnahmen f\u00fcr Social Media<\/span><\/pre><\/li><\/ul><p align=\"justify\"><span style=\"font-family: Helvetica;\">Benefits:<\/span><\/p><ul><li><p align=\"justify\"><span style=\"font-family: Helvetica;\">Einzigartiger Einblick in ein international etabliertes Filmfestival<\/span><\/p><\/li><li><p align=\"justify\"><span style=\"font-family: Helvetica;\">Freier Eintritt zu den Filmen und den inff Experiences<\/span><\/p><\/li><li><p align=\"justify\"><span style=\"font-family: Helvetica;\">Mitarbeit bei einem sinnvollen Event \u2013 F\u00fcr einen sorgsamen Umgang mit unserem Planeten!<\/span><\/p><\/li><li><p align=\"justify\"><span style=\"font-family: Helvetica;\">Du triffst viele interessante internationale Menschen aus der Film- und Kunstbranche<\/span><\/p><\/li><li><p align=\"justify\"><span style=\"font-family: Helvetica;\">Du bekommst eine Praktikumsbest\u00e4tigung<\/span><\/p><\/li><\/ul><p align=\"justify\"><span style=\"font-family: Helvetica;\">Dein Profil:<\/span><\/p><ul><li><p align=\"justify\"><span style=\"font-family: Helvetica;\">Du bist flexibel und neugierig<\/span><\/p><\/li><li><p align=\"justify\"><span style=\"font-family: Helvetica;\">Kannst gut im Team arbeiten<\/span><\/p><\/li><li><p align=\"justify\"><span style=\"font-family: Helvetica;\">Sprichst Deutsch und Englisch<\/span><\/p><\/li><\/ul><p align=\"justify\"><span style=\"font-family: Helvetica;\">Zeitraum und Arbeitsausma\u00df:<\/span><\/p><ul><li><p align=\"justify\"><span style=\"font-family: Helvetica;\">30.09.-13.10.2025 \u2013 Mithilfe muss nicht t\u00e4glich, kann auch tageweise sein! <\/span><\/p><\/li><li><p align=\"justify\"><span style=\"font-family: Helvetica;\">Es wird blockweise und nach Vereinbarung gearbeitet<\/span><\/p><\/li><\/ul><p align=\"justify\"><span style=\"font-family: Helvetica;\">Bei Interesse melde dich bitte unter <\/span><span style=\"color: #0563c1;\"><u><a href=\"mailto:volunteer@inff.eu\"><span style=\"font-family: Helvetica;\">volunteer@inff.eu<\/span><\/a><\/u><\/span><span style=\"font-family: Helvetica;\"> \u201eMithilfe beim inff\u201c.<\/span><\/p><p align=\"justify\"><a name=\"__DdeLink__48_2009918065\"><\/a><span style=\"font-family: Helvetica;\">Wir freuen uns auf dich!<\/span><\/p><\/div>\t\t\t\t\t\t\t\t<\/div>\n\t\t\t\t<\/div>\n\t\t\t\t\t<\/div>\n\t\t\t\t<\/div>\n\t\t\t\t<\/div>\n\t\t","protected":false},"excerpt":{"rendered":"<p>Ein Festival kann nur attraktiv sein, wenn das Team gut zusammenarbeitet. Wenn Du in die Festivalatmosph\u00e4re hineinschnuppern willst und keine Angst vor internationalem Flair und Menschen aus aller Welt hast, kannst du als Volont\u00e4r:in am Festival dazu beitragen, dass es f\u00fcr alle zu einem unvergesslichen Erlebnis wird.Wenn du Interesse hast, wende dich sich bitte an: [&hellip;]<\/p>\n","protected":false},"author":1,"featured_media":3850,"parent":4575,"menu_order":1,"comment_status":"closed","ping_status":"closed","template":"","meta":{"inline_featured_image":false,"footnotes":""},"class_list":["post-4601","page","type-page","status-publish","has-post-thumbnail","hentry","page_template-simple"],"yoast_head":"<!-- This site is optimized with the Yoast SEO plugin v27.4 - https:\/\/yoast.com\/product\/yoast-seo-wordpress\/ -->\n<title>Freiwillige Mitarbeit - INFF<\/title>\n<meta name=\"robots\" content=\"index, follow, max-snippet:-1, max-image-preview:large, max-video-preview:-1\" \/>\n<link rel=\"canonical\" href=\"https:\/\/www.inff.eu\/de\/get-active\/volunteer\/\" \/>\n<meta property=\"og:locale\" content=\"de_DE\" \/>\n<meta property=\"og:type\" content=\"article\" \/>\n<meta property=\"og:title\" content=\"Freiwillige Mitarbeit - INFF\" \/>\n<meta property=\"og:description\" content=\"Ein Festival kann nur attraktiv sein, wenn das Team gut zusammenarbeitet. Wenn Du in die Festivalatmosph\u00e4re hineinschnuppern willst und keine Angst vor internationalem Flair und Menschen aus aller Welt hast, kannst du als Volont\u00e4r:in am Festival dazu beitragen, dass es f\u00fcr alle zu einem unvergesslichen Erlebnis wird.Wenn du Interesse hast, wende dich sich bitte an: [&hellip;]\" \/>\n<meta property=\"og:url\" content=\"https:\/\/www.inff.eu\/de\/get-active\/volunteer\/\" \/>\n<meta property=\"og:site_name\" content=\"INFF\" \/>\n<meta property=\"article:publisher\" content=\"http:\/\/www.facebook.com\/inff.eu\" \/>\n<meta property=\"article:modified_time\" content=\"2025-05-28T07:14:55+00:00\" \/>\n<meta property=\"og:image\" content=\"https:\/\/www.inff.eu\/wp-content\/uploads\/2024\/08\/volis-2.jpg\" \/>\n\t<meta property=\"og:image:width\" content=\"2560\" \/>\n\t<meta property=\"og:image:height\" content=\"1707\" \/>\n\t<meta property=\"og:image:type\" content=\"image\/jpeg\" \/>\n<meta name=\"twitter:card\" content=\"summary_large_image\" \/>\n<meta name=\"twitter:label1\" content=\"Gesch\u00e4tzte Lesezeit\" \/>\n\t<meta name=\"twitter:data1\" content=\"2\u00a0Minuten\" \/>\n<script type=\"application\/ld+json\" class=\"yoast-schema-graph\">{\"@context\":\"https:\\\/\\\/schema.org\",\"@graph\":[{\"@type\":\"WebPage\",\"@id\":\"https:\\\/\\\/www.inff.eu\\\/de\\\/get-active\\\/volunteer\\\/\",\"url\":\"https:\\\/\\\/www.inff.eu\\\/de\\\/get-active\\\/volunteer\\\/\",\"name\":\"Freiwillige Mitarbeit - INFF\",\"isPartOf\":{\"@id\":\"https:\\\/\\\/www.inff.eu\\\/de\\\/#website\"},\"primaryImageOfPage\":{\"@id\":\"https:\\\/\\\/www.inff.eu\\\/de\\\/get-active\\\/volunteer\\\/#primaryimage\"},\"image\":{\"@id\":\"https:\\\/\\\/www.inff.eu\\\/de\\\/get-active\\\/volunteer\\\/#primaryimage\"},\"thumbnailUrl\":\"https:\\\/\\\/www.inff.eu\\\/wp-content\\\/uploads\\\/2024\\\/08\\\/volis-2.jpg\",\"datePublished\":\"2024-08-06T14:20:56+00:00\",\"dateModified\":\"2025-05-28T07:14:55+00:00\",\"breadcrumb\":{\"@id\":\"https:\\\/\\\/www.inff.eu\\\/de\\\/get-active\\\/volunteer\\\/#breadcrumb\"},\"inLanguage\":\"de\",\"potentialAction\":[{\"@type\":\"ReadAction\",\"target\":[\"https:\\\/\\\/www.inff.eu\\\/de\\\/get-active\\\/volunteer\\\/\"]}]},{\"@type\":\"ImageObject\",\"inLanguage\":\"de\",\"@id\":\"https:\\\/\\\/www.inff.eu\\\/de\\\/get-active\\\/volunteer\\\/#primaryimage\",\"url\":\"https:\\\/\\\/www.inff.eu\\\/wp-content\\\/uploads\\\/2024\\\/08\\\/volis-2.jpg\",\"contentUrl\":\"https:\\\/\\\/www.inff.eu\\\/wp-content\\\/uploads\\\/2024\\\/08\\\/volis-2.jpg\",\"width\":2560,\"height\":1707},{\"@type\":\"BreadcrumbList\",\"@id\":\"https:\\\/\\\/www.inff.eu\\\/de\\\/get-active\\\/volunteer\\\/#breadcrumb\",\"itemListElement\":[{\"@type\":\"ListItem\",\"position\":1,\"name\":\"Startseite\",\"item\":\"https:\\\/\\\/www.inff.eu\\\/de\\\/startseite\\\/\"},{\"@type\":\"ListItem\",\"position\":2,\"name\":\"Get Active\",\"item\":\"https:\\\/\\\/www.inff.eu\\\/de\\\/get-active\\\/\"},{\"@type\":\"ListItem\",\"position\":3,\"name\":\"Freiwillige Mitarbeit\"}]},{\"@type\":\"WebSite\",\"@id\":\"https:\\\/\\\/www.inff.eu\\\/de\\\/#website\",\"url\":\"https:\\\/\\\/www.inff.eu\\\/de\\\/\",\"name\":\"INFF\",\"description\":\"Innsbruck Nature Film Festival\",\"publisher\":{\"@id\":\"https:\\\/\\\/www.inff.eu\\\/de\\\/#organization\"},\"potentialAction\":[{\"@type\":\"SearchAction\",\"target\":{\"@type\":\"EntryPoint\",\"urlTemplate\":\"https:\\\/\\\/www.inff.eu\\\/de\\\/?s={search_term_string}\"},\"query-input\":{\"@type\":\"PropertyValueSpecification\",\"valueRequired\":true,\"valueName\":\"search_term_string\"}}],\"inLanguage\":\"de\"},{\"@type\":\"Organization\",\"@id\":\"https:\\\/\\\/www.inff.eu\\\/de\\\/#organization\",\"name\":\"Innbruck Nature Film Festival\",\"alternateName\":\"INFF\",\"url\":\"https:\\\/\\\/www.inff.eu\\\/de\\\/\",\"logo\":{\"@type\":\"ImageObject\",\"inLanguage\":\"de\",\"@id\":\"https:\\\/\\\/www.inff.eu\\\/de\\\/#\\\/schema\\\/logo\\\/image\\\/\",\"url\":\"https:\\\/\\\/www.inff.eu\\\/wp-content\\\/uploads\\\/2024\\\/08\\\/INFF_24_Logo_black_landscape_black.svg\",\"contentUrl\":\"https:\\\/\\\/www.inff.eu\\\/wp-content\\\/uploads\\\/2024\\\/08\\\/INFF_24_Logo_black_landscape_black.svg\",\"width\":341,\"height\":130,\"caption\":\"Innbruck Nature Film Festival\"},\"image\":{\"@id\":\"https:\\\/\\\/www.inff.eu\\\/de\\\/#\\\/schema\\\/logo\\\/image\\\/\"},\"sameAs\":[\"http:\\\/\\\/www.facebook.com\\\/inff.eu\",\"https:\\\/\\\/www.instagram.com\\\/innsbrucknaturefilmfestival\\\/\",\"https:\\\/\\\/www.youtube.com\\\/channel\\\/UCffnhMJo3VJ4aah54E6Qq3Q\\\/feed\"]}]}<\/script>\n<!-- \/ Yoast SEO plugin. -->","yoast_head_json":{"title":"Freiwillige Mitarbeit - INFF","robots":{"index":"index","follow":"follow","max-snippet":"max-snippet:-1","max-image-preview":"max-image-preview:large","max-video-preview":"max-video-preview:-1"},"canonical":"https:\/\/www.inff.eu\/de\/get-active\/volunteer\/","og_locale":"de_DE","og_type":"article","og_title":"Freiwillige Mitarbeit - INFF","og_description":"Ein Festival kann nur attraktiv sein, wenn das Team gut zusammenarbeitet. Wenn Du in die Festivalatmosph\u00e4re hineinschnuppern willst und keine Angst vor internationalem Flair und Menschen aus aller Welt hast, kannst du als Volont\u00e4r:in am Festival dazu beitragen, dass es f\u00fcr alle zu einem unvergesslichen Erlebnis wird.Wenn du Interesse hast, wende dich sich bitte an: [&hellip;]","og_url":"https:\/\/www.inff.eu\/de\/get-active\/volunteer\/","og_site_name":"INFF","article_publisher":"http:\/\/www.facebook.com\/inff.eu","article_modified_time":"2025-05-28T07:14:55+00:00","og_image":[{"width":2560,"height":1707,"url":"https:\/\/www.inff.eu\/wp-content\/uploads\/2024\/08\/volis-2.jpg","type":"image\/jpeg"}],"twitter_card":"summary_large_image","twitter_misc":{"Gesch\u00e4tzte Lesezeit":"2\u00a0Minuten"},"schema":{"@context":"https:\/\/schema.org","@graph":[{"@type":"WebPage","@id":"https:\/\/www.inff.eu\/de\/get-active\/volunteer\/","url":"https:\/\/www.inff.eu\/de\/get-active\/volunteer\/","name":"Freiwillige Mitarbeit - INFF","isPartOf":{"@id":"https:\/\/www.inff.eu\/de\/#website"},"primaryImageOfPage":{"@id":"https:\/\/www.inff.eu\/de\/get-active\/volunteer\/#primaryimage"},"image":{"@id":"https:\/\/www.inff.eu\/de\/get-active\/volunteer\/#primaryimage"},"thumbnailUrl":"https:\/\/www.inff.eu\/wp-content\/uploads\/2024\/08\/volis-2.jpg","datePublished":"2024-08-06T14:20:56+00:00","dateModified":"2025-05-28T07:14:55+00:00","breadcrumb":{"@id":"https:\/\/www.inff.eu\/de\/get-active\/volunteer\/#breadcrumb"},"inLanguage":"de","potentialAction":[{"@type":"ReadAction","target":["https:\/\/www.inff.eu\/de\/get-active\/volunteer\/"]}]},{"@type":"ImageObject","inLanguage":"de","@id":"https:\/\/www.inff.eu\/de\/get-active\/volunteer\/#primaryimage","url":"https:\/\/www.inff.eu\/wp-content\/uploads\/2024\/08\/volis-2.jpg","contentUrl":"https:\/\/www.inff.eu\/wp-content\/uploads\/2024\/08\/volis-2.jpg","width":2560,"height":1707},{"@type":"BreadcrumbList","@id":"https:\/\/www.inff.eu\/de\/get-active\/volunteer\/#breadcrumb","itemListElement":[{"@type":"ListItem","position":1,"name":"Startseite","item":"https:\/\/www.inff.eu\/de\/startseite\/"},{"@type":"ListItem","position":2,"name":"Get Active","item":"https:\/\/www.inff.eu\/de\/get-active\/"},{"@type":"ListItem","position":3,"name":"Freiwillige Mitarbeit"}]},{"@type":"WebSite","@id":"https:\/\/www.inff.eu\/de\/#website","url":"https:\/\/www.inff.eu\/de\/","name":"INFF","description":"Innsbruck Nature Film Festival","publisher":{"@id":"https:\/\/www.inff.eu\/de\/#organization"},"potentialAction":[{"@type":"SearchAction","target":{"@type":"EntryPoint","urlTemplate":"https:\/\/www.inff.eu\/de\/?s={search_term_string}"},"query-input":{"@type":"PropertyValueSpecification","valueRequired":true,"valueName":"search_term_string"}}],"inLanguage":"de"},{"@type":"Organization","@id":"https:\/\/www.inff.eu\/de\/#organization","name":"Innbruck Nature Film Festival","alternateName":"INFF","url":"https:\/\/www.inff.eu\/de\/","logo":{"@type":"ImageObject","inLanguage":"de","@id":"https:\/\/www.inff.eu\/de\/#\/schema\/logo\/image\/","url":"https:\/\/www.inff.eu\/wp-content\/uploads\/2024\/08\/INFF_24_Logo_black_landscape_black.svg","contentUrl":"https:\/\/www.inff.eu\/wp-content\/uploads\/2024\/08\/INFF_24_Logo_black_landscape_black.svg","width":341,"height":130,"caption":"Innbruck Nature Film Festival"},"image":{"@id":"https:\/\/www.inff.eu\/de\/#\/schema\/logo\/image\/"},"sameAs":["http:\/\/www.facebook.com\/inff.eu","https:\/\/www.instagram.com\/innsbrucknaturefilmfestival\/","https:\/\/www.youtube.com\/channel\/UCffnhMJo3VJ4aah54E6Qq3Q\/feed"]}]}},"_links":{"self":[{"href":"https:\/\/www.inff.eu\/de\/wp-json\/wp\/v2\/pages\/4601","targetHints":{"allow":["GET"]}}],"collection":[{"href":"https:\/\/www.inff.eu\/de\/wp-json\/wp\/v2\/pages"}],"about":[{"href":"https:\/\/www.inff.eu\/de\/wp-json\/wp\/v2\/types\/page"}],"author":[{"embeddable":true,"href":"https:\/\/www.inff.eu\/de\/wp-json\/wp\/v2\/users\/1"}],"replies":[{"embeddable":true,"href":"https:\/\/www.inff.eu\/de\/wp-json\/wp\/v2\/comments?post=4601"}],"version-history":[{"count":6,"href":"https:\/\/www.inff.eu\/de\/wp-json\/wp\/v2\/pages\/4601\/revisions"}],"predecessor-version":[{"id":7411,"href":"https:\/\/www.inff.eu\/de\/wp-json\/wp\/v2\/pages\/4601\/revisions\/7411"}],"up":[{"embeddable":true,"href":"https:\/\/www.inff.eu\/de\/wp-json\/wp\/v2\/pages\/4575"}],"wp:featuredmedia":[{"embeddable":true,"href":"https:\/\/www.inff.eu\/de\/wp-json\/wp\/v2\/media\/3850"}],"wp:attachment":[{"href":"https:\/\/www.inff.eu\/de\/wp-json\/wp\/v2\/media?parent=4601"}],"curies":[{"name":"wp","href":"https:\/\/api.w.org\/{rel}","templated":true}]}}