{"id":4598,"date":"2024-08-06T16:11:01","date_gmt":"2024-08-06T14:11:01","guid":{"rendered":"https:\/\/www.inff.eu\/the-venue\/metropol-cinema\/"},"modified":"2025-10-05T10:29:53","modified_gmt":"2025-10-05T08:29:53","slug":"metropol-cinema","status":"publish","type":"page","link":"https:\/\/www.inff.eu\/de\/venue\/metropol-cinema\/","title":{"rendered":"Metropol Kino"},"content":{"rendered":"\t\t<div data-elementor-type=\"wp-page\" data-elementor-id=\"4598\" class=\"elementor elementor-4598 elementor-49\" data-elementor-post-type=\"page\">\n\t\t\t\t<div class=\"elementor-element elementor-element-0449ba0 e-flex e-con-boxed e-con e-parent\" data-id=\"0449ba0\" data-element_type=\"container\" data-settings=\"{&quot;jet_parallax_layout_list&quot;:[]}\">\n\t\t\t\t\t<div class=\"e-con-inner\">\n\t\t\t\t<div class=\"elementor-element elementor-element-8c372ea elementor-widget elementor-widget-image\" data-id=\"8c372ea\" data-element_type=\"widget\" data-widget_type=\"image.default\">\n\t\t\t\t<div class=\"elementor-widget-container\">\n\t\t\t\t\t\t\t\t\t\t\t\t\t\t\t<img fetchpriority=\"high\" decoding=\"async\" width=\"800\" height=\"600\" src=\"https:\/\/www.inff.eu\/wp-content\/uploads\/2024\/08\/img-5839-1024x768.jpeg\" class=\"attachment-large size-large wp-image-3845\" alt=\"\" srcset=\"https:\/\/www.inff.eu\/wp-content\/uploads\/2024\/08\/img-5839-1024x768.jpeg 1024w, https:\/\/www.inff.eu\/wp-content\/uploads\/2024\/08\/img-5839-300x225.jpeg 300w, https:\/\/www.inff.eu\/wp-content\/uploads\/2024\/08\/img-5839-768x576.jpeg 768w, https:\/\/www.inff.eu\/wp-content\/uploads\/2024\/08\/img-5839.jpeg 1280w\" sizes=\"(max-width: 800px) 100vw, 800px\" \/>\t\t\t\t\t\t\t\t\t\t\t\t\t\t\t<\/div>\n\t\t\t\t<\/div>\n\t\t\t\t<div class=\"elementor-element elementor-element-9f70c84 elementor-widget elementor-widget-text-editor\" data-id=\"9f70c84\" data-element_type=\"widget\" data-widget_type=\"text-editor.default\">\n\t\t\t\t<div class=\"elementor-widget-container\">\n\t\t\t\t\t\t\t\t\t<p>Das Metropol Kino Innsbruck befindet sich im Herzen der Stadt, nur eine Gehminute von der Altstadt entfernt, direkt \u00fcber der Br\u00fccke des Inn. Im \u00e4ltesten Stadtteil Innsbrucks \u201eAnpruggen\u201c, beherbergt das Metropol Kino 9 S\u00e4le mit 36 bis 480 Sitzpl\u00e4tzen. Es wird seit vielen Jahren als Familienbetrieb gef\u00fchrt.  <\/p>\t\t\t\t\t\t\t\t<\/div>\n\t\t\t\t<\/div>\n\t\t\t\t\t<\/div>\n\t\t\t\t<\/div>\n\t\t\t\t<\/div>\n\t\t","protected":false},"excerpt":{"rendered":"<p>Das Metropol Kino Innsbruck befindet sich im Herzen der Stadt, nur eine Gehminute von der Altstadt entfernt, direkt \u00fcber der Br\u00fccke des Inn. Im \u00e4ltesten Stadtteil Innsbrucks \u201eAnpruggen\u201c, beherbergt das Metropol Kino 9 S\u00e4le mit 36 bis 480 Sitzpl\u00e4tzen. Es wird seit vielen Jahren als Familienbetrieb gef\u00fchrt.<\/p>\n","protected":false},"author":1,"featured_media":0,"parent":4577,"menu_order":0,"comment_status":"closed","ping_status":"closed","template":"","meta":{"inline_featured_image":false,"footnotes":""},"class_list":["post-4598","page","type-page","status-publish","hentry","page_template-simple"],"yoast_head":"<!-- This site is optimized with the Yoast SEO plugin v27.4 - https:\/\/yoast.com\/product\/yoast-seo-wordpress\/ -->\n<title>Metropol Kino - INFF<\/title>\n<meta name=\"robots\" content=\"index, follow, max-snippet:-1, max-image-preview:large, max-video-preview:-1\" \/>\n<link rel=\"canonical\" href=\"https:\/\/www.inff.eu\/de\/venue\/metropol-cinema\/\" \/>\n<meta property=\"og:locale\" content=\"de_DE\" \/>\n<meta property=\"og:type\" content=\"article\" \/>\n<meta property=\"og:title\" content=\"Metropol Kino - INFF\" \/>\n<meta property=\"og:description\" content=\"Das Metropol Kino Innsbruck befindet sich im Herzen der Stadt, nur eine Gehminute von der Altstadt entfernt, direkt \u00fcber der Br\u00fccke des Inn. Im \u00e4ltesten Stadtteil Innsbrucks \u201eAnpruggen\u201c, beherbergt das Metropol Kino 9 S\u00e4le mit 36 bis 480 Sitzpl\u00e4tzen. Es wird seit vielen Jahren als Familienbetrieb gef\u00fchrt.\" \/>\n<meta property=\"og:url\" content=\"https:\/\/www.inff.eu\/de\/venue\/metropol-cinema\/\" \/>\n<meta property=\"og:site_name\" content=\"INFF\" \/>\n<meta property=\"article:publisher\" content=\"http:\/\/www.facebook.com\/inff.eu\" \/>\n<meta property=\"article:modified_time\" content=\"2025-10-05T08:29:53+00:00\" \/>\n<meta property=\"og:image\" content=\"https:\/\/www.inff.eu\/wp-content\/uploads\/2024\/08\/img-5839.jpeg\" \/>\n\t<meta property=\"og:image:width\" content=\"1280\" \/>\n\t<meta property=\"og:image:height\" content=\"960\" \/>\n\t<meta property=\"og:image:type\" content=\"image\/jpeg\" \/>\n<meta name=\"twitter:card\" content=\"summary_large_image\" \/>\n<script type=\"application\/ld+json\" class=\"yoast-schema-graph\">{\"@context\":\"https:\\\/\\\/schema.org\",\"@graph\":[{\"@type\":\"WebPage\",\"@id\":\"https:\\\/\\\/www.inff.eu\\\/de\\\/venue\\\/metropol-cinema\\\/\",\"url\":\"https:\\\/\\\/www.inff.eu\\\/de\\\/venue\\\/metropol-cinema\\\/\",\"name\":\"Metropol Kino - INFF\",\"isPartOf\":{\"@id\":\"https:\\\/\\\/www.inff.eu\\\/de\\\/#website\"},\"primaryImageOfPage\":{\"@id\":\"https:\\\/\\\/www.inff.eu\\\/de\\\/venue\\\/metropol-cinema\\\/#primaryimage\"},\"image\":{\"@id\":\"https:\\\/\\\/www.inff.eu\\\/de\\\/venue\\\/metropol-cinema\\\/#primaryimage\"},\"thumbnailUrl\":\"https:\\\/\\\/www.inff.eu\\\/wp-content\\\/uploads\\\/2024\\\/08\\\/img-5839-1024x768.jpeg\",\"datePublished\":\"2024-08-06T14:11:01+00:00\",\"dateModified\":\"2025-10-05T08:29:53+00:00\",\"breadcrumb\":{\"@id\":\"https:\\\/\\\/www.inff.eu\\\/de\\\/venue\\\/metropol-cinema\\\/#breadcrumb\"},\"inLanguage\":\"de\",\"potentialAction\":[{\"@type\":\"ReadAction\",\"target\":[\"https:\\\/\\\/www.inff.eu\\\/de\\\/venue\\\/metropol-cinema\\\/\"]}]},{\"@type\":\"ImageObject\",\"inLanguage\":\"de\",\"@id\":\"https:\\\/\\\/www.inff.eu\\\/de\\\/venue\\\/metropol-cinema\\\/#primaryimage\",\"url\":\"https:\\\/\\\/www.inff.eu\\\/wp-content\\\/uploads\\\/2024\\\/08\\\/img-5839-1024x768.jpeg\",\"contentUrl\":\"https:\\\/\\\/www.inff.eu\\\/wp-content\\\/uploads\\\/2024\\\/08\\\/img-5839-1024x768.jpeg\"},{\"@type\":\"BreadcrumbList\",\"@id\":\"https:\\\/\\\/www.inff.eu\\\/de\\\/venue\\\/metropol-cinema\\\/#breadcrumb\",\"itemListElement\":[{\"@type\":\"ListItem\",\"position\":1,\"name\":\"Startseite\",\"item\":\"https:\\\/\\\/www.inff.eu\\\/de\\\/startseite\\\/\"},{\"@type\":\"ListItem\",\"position\":2,\"name\":\"The Venue\",\"item\":\"https:\\\/\\\/www.inff.eu\\\/de\\\/venue\\\/\"},{\"@type\":\"ListItem\",\"position\":3,\"name\":\"Metropol Kino\"}]},{\"@type\":\"WebSite\",\"@id\":\"https:\\\/\\\/www.inff.eu\\\/de\\\/#website\",\"url\":\"https:\\\/\\\/www.inff.eu\\\/de\\\/\",\"name\":\"INFF\",\"description\":\"Innsbruck Nature Film Festival\",\"publisher\":{\"@id\":\"https:\\\/\\\/www.inff.eu\\\/de\\\/#organization\"},\"potentialAction\":[{\"@type\":\"SearchAction\",\"target\":{\"@type\":\"EntryPoint\",\"urlTemplate\":\"https:\\\/\\\/www.inff.eu\\\/de\\\/?s={search_term_string}\"},\"query-input\":{\"@type\":\"PropertyValueSpecification\",\"valueRequired\":true,\"valueName\":\"search_term_string\"}}],\"inLanguage\":\"de\"},{\"@type\":\"Organization\",\"@id\":\"https:\\\/\\\/www.inff.eu\\\/de\\\/#organization\",\"name\":\"Innbruck Nature Film Festival\",\"alternateName\":\"INFF\",\"url\":\"https:\\\/\\\/www.inff.eu\\\/de\\\/\",\"logo\":{\"@type\":\"ImageObject\",\"inLanguage\":\"de\",\"@id\":\"https:\\\/\\\/www.inff.eu\\\/de\\\/#\\\/schema\\\/logo\\\/image\\\/\",\"url\":\"https:\\\/\\\/www.inff.eu\\\/wp-content\\\/uploads\\\/2024\\\/08\\\/INFF_24_Logo_black_landscape_black.svg\",\"contentUrl\":\"https:\\\/\\\/www.inff.eu\\\/wp-content\\\/uploads\\\/2024\\\/08\\\/INFF_24_Logo_black_landscape_black.svg\",\"width\":341,\"height\":130,\"caption\":\"Innbruck Nature Film Festival\"},\"image\":{\"@id\":\"https:\\\/\\\/www.inff.eu\\\/de\\\/#\\\/schema\\\/logo\\\/image\\\/\"},\"sameAs\":[\"http:\\\/\\\/www.facebook.com\\\/inff.eu\",\"https:\\\/\\\/www.instagram.com\\\/innsbrucknaturefilmfestival\\\/\",\"https:\\\/\\\/www.youtube.com\\\/channel\\\/UCffnhMJo3VJ4aah54E6Qq3Q\\\/feed\"]}]}<\/script>\n<!-- \/ Yoast SEO plugin. -->","yoast_head_json":{"title":"Metropol Kino - INFF","robots":{"index":"index","follow":"follow","max-snippet":"max-snippet:-1","max-image-preview":"max-image-preview:large","max-video-preview":"max-video-preview:-1"},"canonical":"https:\/\/www.inff.eu\/de\/venue\/metropol-cinema\/","og_locale":"de_DE","og_type":"article","og_title":"Metropol Kino - INFF","og_description":"Das Metropol Kino Innsbruck befindet sich im Herzen der Stadt, nur eine Gehminute von der Altstadt entfernt, direkt \u00fcber der Br\u00fccke des Inn. Im \u00e4ltesten Stadtteil Innsbrucks \u201eAnpruggen\u201c, beherbergt das Metropol Kino 9 S\u00e4le mit 36 bis 480 Sitzpl\u00e4tzen. Es wird seit vielen Jahren als Familienbetrieb gef\u00fchrt.","og_url":"https:\/\/www.inff.eu\/de\/venue\/metropol-cinema\/","og_site_name":"INFF","article_publisher":"http:\/\/www.facebook.com\/inff.eu","article_modified_time":"2025-10-05T08:29:53+00:00","og_image":[{"width":1280,"height":960,"url":"https:\/\/www.inff.eu\/wp-content\/uploads\/2024\/08\/img-5839.jpeg","type":"image\/jpeg"}],"twitter_card":"summary_large_image","schema":{"@context":"https:\/\/schema.org","@graph":[{"@type":"WebPage","@id":"https:\/\/www.inff.eu\/de\/venue\/metropol-cinema\/","url":"https:\/\/www.inff.eu\/de\/venue\/metropol-cinema\/","name":"Metropol Kino - INFF","isPartOf":{"@id":"https:\/\/www.inff.eu\/de\/#website"},"primaryImageOfPage":{"@id":"https:\/\/www.inff.eu\/de\/venue\/metropol-cinema\/#primaryimage"},"image":{"@id":"https:\/\/www.inff.eu\/de\/venue\/metropol-cinema\/#primaryimage"},"thumbnailUrl":"https:\/\/www.inff.eu\/wp-content\/uploads\/2024\/08\/img-5839-1024x768.jpeg","datePublished":"2024-08-06T14:11:01+00:00","dateModified":"2025-10-05T08:29:53+00:00","breadcrumb":{"@id":"https:\/\/www.inff.eu\/de\/venue\/metropol-cinema\/#breadcrumb"},"inLanguage":"de","potentialAction":[{"@type":"ReadAction","target":["https:\/\/www.inff.eu\/de\/venue\/metropol-cinema\/"]}]},{"@type":"ImageObject","inLanguage":"de","@id":"https:\/\/www.inff.eu\/de\/venue\/metropol-cinema\/#primaryimage","url":"https:\/\/www.inff.eu\/wp-content\/uploads\/2024\/08\/img-5839-1024x768.jpeg","contentUrl":"https:\/\/www.inff.eu\/wp-content\/uploads\/2024\/08\/img-5839-1024x768.jpeg"},{"@type":"BreadcrumbList","@id":"https:\/\/www.inff.eu\/de\/venue\/metropol-cinema\/#breadcrumb","itemListElement":[{"@type":"ListItem","position":1,"name":"Startseite","item":"https:\/\/www.inff.eu\/de\/startseite\/"},{"@type":"ListItem","position":2,"name":"The Venue","item":"https:\/\/www.inff.eu\/de\/venue\/"},{"@type":"ListItem","position":3,"name":"Metropol Kino"}]},{"@type":"WebSite","@id":"https:\/\/www.inff.eu\/de\/#website","url":"https:\/\/www.inff.eu\/de\/","name":"INFF","description":"Innsbruck Nature Film Festival","publisher":{"@id":"https:\/\/www.inff.eu\/de\/#organization"},"potentialAction":[{"@type":"SearchAction","target":{"@type":"EntryPoint","urlTemplate":"https:\/\/www.inff.eu\/de\/?s={search_term_string}"},"query-input":{"@type":"PropertyValueSpecification","valueRequired":true,"valueName":"search_term_string"}}],"inLanguage":"de"},{"@type":"Organization","@id":"https:\/\/www.inff.eu\/de\/#organization","name":"Innbruck Nature Film Festival","alternateName":"INFF","url":"https:\/\/www.inff.eu\/de\/","logo":{"@type":"ImageObject","inLanguage":"de","@id":"https:\/\/www.inff.eu\/de\/#\/schema\/logo\/image\/","url":"https:\/\/www.inff.eu\/wp-content\/uploads\/2024\/08\/INFF_24_Logo_black_landscape_black.svg","contentUrl":"https:\/\/www.inff.eu\/wp-content\/uploads\/2024\/08\/INFF_24_Logo_black_landscape_black.svg","width":341,"height":130,"caption":"Innbruck Nature Film Festival"},"image":{"@id":"https:\/\/www.inff.eu\/de\/#\/schema\/logo\/image\/"},"sameAs":["http:\/\/www.facebook.com\/inff.eu","https:\/\/www.instagram.com\/innsbrucknaturefilmfestival\/","https:\/\/www.youtube.com\/channel\/UCffnhMJo3VJ4aah54E6Qq3Q\/feed"]}]}},"_links":{"self":[{"href":"https:\/\/www.inff.eu\/de\/wp-json\/wp\/v2\/pages\/4598","targetHints":{"allow":["GET"]}}],"collection":[{"href":"https:\/\/www.inff.eu\/de\/wp-json\/wp\/v2\/pages"}],"about":[{"href":"https:\/\/www.inff.eu\/de\/wp-json\/wp\/v2\/types\/page"}],"author":[{"embeddable":true,"href":"https:\/\/www.inff.eu\/de\/wp-json\/wp\/v2\/users\/1"}],"replies":[{"embeddable":true,"href":"https:\/\/www.inff.eu\/de\/wp-json\/wp\/v2\/comments?post=4598"}],"version-history":[{"count":8,"href":"https:\/\/www.inff.eu\/de\/wp-json\/wp\/v2\/pages\/4598\/revisions"}],"predecessor-version":[{"id":9761,"href":"https:\/\/www.inff.eu\/de\/wp-json\/wp\/v2\/pages\/4598\/revisions\/9761"}],"up":[{"embeddable":true,"href":"https:\/\/www.inff.eu\/de\/wp-json\/wp\/v2\/pages\/4577"}],"wp:attachment":[{"href":"https:\/\/www.inff.eu\/de\/wp-json\/wp\/v2\/media?parent=4598"}],"curies":[{"name":"wp","href":"https:\/\/api.w.org\/{rel}","templated":true}]}}